{"id":318,"date":"2012-06-22T18:51:45","date_gmt":"2012-06-22T18:51:45","guid":{"rendered":"http:\/\/multisite.dev\/risen\/?page_id=318"},"modified":"2018-09-11T15:12:46","modified_gmt":"2018-09-11T20:12:46","slug":"contact","status":"publish","type":"page","link":"https:\/\/westhoustonvbc.org\/ws\/contact\/","title":{"rendered":"Contact Us"},"content":{"rendered":"<p><strong>H\u1ed9i Th\u00e1nh B\u00e1p-t\u00edt Vi\u1ec7t Nam &#8211;\u00a0West Houston Vietnamese Baptist Church<\/strong><\/p>\n<p>1907 S. Dairy Ashford Rd,<\/p>\n<p>Houston, Texas 77077<\/p>\n<p><strong>Th\u1edd Ph\u01b0\u1ee3ng &#8211; Services<\/strong><\/p>\n<p>English &#8211; Ti\u1ebfng Anh: 10:00 am<\/p>\n<p>Ti\u1ebfng Vi\u1ec7t &#8211; Vietnamese: 11:15 am<\/p>\n<p>Ti\u1ebfng Ph\u00e1p &#8211; French (Ivory Coastal): 3:30 pm<\/p>\n<div id=\"contact-form-result\"><\/div> <form id=\"contact-form\" method=\"post\" class=\"p\">  <div class=\"contact-field\"> <label class=\"contact-label\">To<\/label> <select name=\"to\">  <option value=\"\"><\/option>  <option value=\"1b3854a52a4b28c739965cdd0a5b80d7\">Tran Tu Hong Son (Senior Pastor)<\/option><option value=\"1b3854a52a4b28c739965cdd0a5b80d7\">Church Office<\/option><option value=\"a8475a7d858e074d6e144e5ed0f95f82\">Trung Nguyen (Web Master)<\/option> <\/select> <\/div>  <div class=\"contact-field\"> <label class=\"contact-label\">Name<\/label> <input type=\"text\" name=\"name\"> <\/div>  <div class=\"contact-field\"> <label class=\"contact-label\">E-mail<\/label> <input type=\"email\" name=\"email\"> <\/div>  <div class=\"contact-field\"> <textarea name=\"message\"><\/textarea> <\/div>  <div> <a href=\"#\" class=\"button\" id=\"contact-button\">Send Message<\/a> <\/div> <\/form>\n","protected":false},"excerpt":{"rendered":"<p>H\u1ed9i Th\u00e1nh B\u00e1p-t\u00edt Vi\u1ec7t Nam &#8211;\u00a0West Houston Vietnamese Baptist Church 1907 S. Dairy Ashford Rd, Houston, Texas 77077 Th\u1edd Ph\u01b0\u1ee3ng &#8211; Services English &#8211; Ti\u1ebfng Anh: 10:00 am Ti\u1ebfng Vi\u1ec7t &#8211; Vietnamese: 11:15 am Ti\u1ebfng Ph\u00e1p &#8211; French (Ivory Coastal): 3:30 pm<\/p>\n","protected":false},"author":2,"featured_media":462,"parent":0,"menu_order":0,"comment_status":"closed","ping_status":"closed","template":"tpl-contact.php","meta":{"footnotes":""},"class_list":["post-318","page","type-page","status-publish","has-post-thumbnail","hentry"],"brizy_media":[],"_links":{"self":[{"href":"https:\/\/westhoustonvbc.org\/ws\/wp-json\/wp\/v2\/pages\/318","targetHints":{"allow":["GET"]}}],"collection":[{"href":"https:\/\/westhoustonvbc.org\/ws\/wp-json\/wp\/v2\/pages"}],"about":[{"href":"https:\/\/westhoustonvbc.org\/ws\/wp-json\/wp\/v2\/types\/page"}],"author":[{"embeddable":true,"href":"https:\/\/westhoustonvbc.org\/ws\/wp-json\/wp\/v2\/users\/2"}],"replies":[{"embeddable":true,"href":"https:\/\/westhoustonvbc.org\/ws\/wp-json\/wp\/v2\/comments?post=318"}],"version-history":[{"count":3,"href":"https:\/\/westhoustonvbc.org\/ws\/wp-json\/wp\/v2\/pages\/318\/revisions"}],"predecessor-version":[{"id":1724,"href":"https:\/\/westhoustonvbc.org\/ws\/wp-json\/wp\/v2\/pages\/318\/revisions\/1724"}],"wp:featuredmedia":[{"embeddable":true,"href":"https:\/\/westhoustonvbc.org\/ws\/wp-json\/"}],"wp:attachment":[{"href":"https:\/\/westhoustonvbc.org\/ws\/wp-json\/wp\/v2\/media?parent=318"}],"curies":[{"name":"wp","href":"https:\/\/api.w.org\/{rel}","templated":true}]}}